{"id":952,"date":"2025-05-04T22:49:40","date_gmt":"2025-05-04T20:49:40","guid":{"rendered":"https:\/\/nocticraft.com\/?page_id=952"},"modified":"2025-05-05T03:01:36","modified_gmt":"2025-05-05T01:01:36","slug":"theatrical-mod-guides","status":"publish","type":"page","link":"https:\/\/nocticraft.com\/es\/theatrical-mod-guides\/","title":{"rendered":"Gu\u00edas Mod Minecraft Theatrical"},"content":{"rendered":"<div data-elementor-type=\"wp-page\" data-elementor-id=\"952\" class=\"elementor elementor-952\" data-elementor-post-type=\"page\">\n\t\t\t\t<div class=\"elementor-element elementor-element-4a73599 e-flex e-con-boxed e-con e-parent\" data-id=\"4a73599\" data-element_type=\"container\">\n\t\t\t\t\t<div class=\"e-con-inner\">\n\t\t\t\t<div class=\"elementor-element elementor-element-6716a0d elementor-widget elementor-widget-text-editor\" data-id=\"6716a0d\" data-element_type=\"widget\" data-widget_type=\"text-editor.default\">\n\t\t\t\t<div class=\"elementor-widget-container\">\n\t\t\t\t\t\t\t\t\t<h2>Gu\u00edas Mod Minecraft Theatrical<\/h2><p>Aqu\u00ed tienes gu\u00edas pr\u00e1cticas sobre c\u00f3mo conectar el mod a un software externo para controlar las luces en el juego a trav\u00e9s de Art-Net.<\/p>\t\t\t\t\t\t\t\t<\/div>\n\t\t\t\t<\/div>\n\t\t\t\t\t<\/div>\n\t\t\t\t<\/div>\n\t\t<div class=\"elementor-element elementor-element-fca91fa e-flex e-con-boxed e-con e-parent\" data-id=\"fca91fa\" data-element_type=\"container\">\n\t\t\t\t\t<div class=\"e-con-inner\">\n\t\t\t\t<div class=\"elementor-element elementor-element-2927973 elementor-cta--skin-classic elementor-animated-content elementor-bg-transform elementor-bg-transform-zoom-in elementor-widget elementor-widget-call-to-action\" data-id=\"2927973\" data-element_type=\"widget\" data-widget_type=\"call-to-action.default\">\n\t\t\t\t<div class=\"elementor-widget-container\">\n\t\t\t\t\t\t\t<a class=\"elementor-cta\" href=\"https:\/\/nocticraft.com\/es\/dot2onpc-artnet-guide\/\">\n\t\t\t\t\t<div class=\"elementor-cta__bg-wrapper\">\n\t\t\t\t<div class=\"elementor-cta__bg elementor-bg\" style=\"background-image: url(https:\/\/i0.wp.com\/nocticraft.com\/wp-content\/uploads\/2025\/05\/dot2logo.png?fit=800%2C475&#038;ssl=1);\" role=\"img\" aria-label=\"dot2logo\"><\/div>\n\t\t\t\t<div class=\"elementor-cta__bg-overlay\"><\/div>\n\t\t\t<\/div>\n\t\t\t\t\t\t\t<div class=\"elementor-cta__content\">\n\t\t\t\t\n\t\t\t\t\t\t\t\t\t<h2 class=\"elementor-cta__title elementor-cta__content-item elementor-content-item\">\n\t\t\t\t\t\tdot2 onPC\t\t\t\t\t<\/h2>\n\t\t\t\t\n\t\t\t\t\t\t\t\t\t<div class=\"elementor-cta__description elementor-cta__content-item elementor-content-item\">\n\t\t\t\t\t\tCl\u00e1sico software MALighting.\nAtenci\u00f3n!!! - S\u00f3lo admite 1 salida del universo Art-Net\t\t\t\t\t<\/div>\n\t\t\t\t\n\t\t\t\t\t\t\t\t\t<div class=\"elementor-cta__button-wrapper elementor-cta__content-item elementor-content-item\">\n\t\t\t\t\t<span class=\"elementor-cta__button elementor-button elementor-size-\">\n\t\t\t\t\t\tGU\u00cdA\t\t\t\t\t<\/span>\n\t\t\t\t\t<\/div>\n\t\t\t\t\t\t\t<\/div>\n\t\t\t\t\t\t\t<div class=\"elementor-ribbon\">\n\t\t\t\t<div class=\"elementor-ribbon-inner\">\n\t\t\t\t\tPopular\t\t\t\t<\/div>\n\t\t\t<\/div>\n\t\t\t\t<\/a>\n\t\t\t\t\t\t<\/div>\n\t\t\t\t<\/div>\n\t\t\t\t<div class=\"elementor-element elementor-element-96cefc7 elementor-cta--skin-classic elementor-animated-content elementor-bg-transform elementor-bg-transform-zoom-in elementor-widget elementor-widget-call-to-action\" data-id=\"96cefc7\" data-element_type=\"widget\" data-widget_type=\"call-to-action.default\">\n\t\t\t\t<div class=\"elementor-widget-container\">\n\t\t\t\t\t\t\t<a class=\"elementor-cta\" href=\"https:\/\/nocticraft.com\/es\/magicqpc-artnet-guide\/\">\n\t\t\t\t\t<div class=\"elementor-cta__bg-wrapper\">\n\t\t\t\t<div class=\"elementor-cta__bg elementor-bg\" style=\"background-image: url(https:\/\/i0.wp.com\/nocticraft.com\/wp-content\/uploads\/2025\/05\/chamsys.png?fit=225%2C225&#038;ssl=1);\" role=\"img\" aria-label=\"chamsys\"><\/div>\n\t\t\t\t<div class=\"elementor-cta__bg-overlay\"><\/div>\n\t\t\t<\/div>\n\t\t\t\t\t\t\t<div class=\"elementor-cta__content\">\n\t\t\t\t\n\t\t\t\t\t\t\t\t\t<h2 class=\"elementor-cta__title elementor-cta__content-item elementor-content-item\">\n\t\t\t\t\t\tMagicQ onPC\t\t\t\t\t<\/h2>\n\t\t\t\t\n\t\t\t\t\t\t\t\t\t<div class=\"elementor-cta__description elementor-cta__content-item elementor-content-item\">\n\t\t\t\t\t\tEste es un software m\u00e1s complejo que los dem\u00e1s, pero ofrece m\u00e1s posibilidades y m\u00e1s resultados Art-Net.\t\t\t\t\t<\/div>\n\t\t\t\t\n\t\t\t\t\t\t\t\t\t<div class=\"elementor-cta__button-wrapper elementor-cta__content-item elementor-content-item\">\n\t\t\t\t\t<span class=\"elementor-cta__button elementor-button elementor-size-\">\n\t\t\t\t\t\tGU\u00cdA\t\t\t\t\t<\/span>\n\t\t\t\t\t<\/div>\n\t\t\t\t\t\t\t<\/div>\n\t\t\t\t\t\t\t<div class=\"elementor-ribbon\">\n\t\t\t\t<div class=\"elementor-ribbon-inner\">\n\t\t\t\t\tMEJOR OPCI\u00d3N\t\t\t\t<\/div>\n\t\t\t<\/div>\n\t\t\t\t<\/a>\n\t\t\t\t\t\t<\/div>\n\t\t\t\t<\/div>\n\t\t\t\t<div class=\"elementor-element elementor-element-a3ccbc5 elementor-cta--skin-classic elementor-animated-content elementor-bg-transform elementor-bg-transform-zoom-in elementor-widget elementor-widget-call-to-action\" data-id=\"a3ccbc5\" data-element_type=\"widget\" data-widget_type=\"call-to-action.default\">\n\t\t\t\t<div class=\"elementor-widget-container\">\n\t\t\t\t\t\t\t<a class=\"elementor-cta\" href=\"https:\/\/nocticraft.com\/es\/qlc-artnet-connection-guide\/\">\n\t\t\t\t\t<div class=\"elementor-cta__bg-wrapper\">\n\t\t\t\t<div class=\"elementor-cta__bg elementor-bg\" style=\"background-image: url(https:\/\/i0.wp.com\/nocticraft.com\/wp-content\/uploads\/2025\/05\/QLC.png?fit=200%2C200&#038;ssl=1);\" role=\"img\" aria-label=\"QLC+\"><\/div>\n\t\t\t\t<div class=\"elementor-cta__bg-overlay\"><\/div>\n\t\t\t<\/div>\n\t\t\t\t\t\t\t<div class=\"elementor-cta__content\">\n\t\t\t\t\n\t\t\t\t\t\t\t\t\t<h2 class=\"elementor-cta__title elementor-cta__content-item elementor-content-item\">\n\t\t\t\t\t\tQLC+\t\t\t\t\t<\/h2>\n\t\t\t\t\n\t\t\t\t\t\t\t\t\t<div class=\"elementor-cta__description elementor-cta__content-item elementor-content-item\">\n\t\t\t\t\t\tSoftware muy f\u00e1cil de usar. Sugerimos esto s\u00f3lo para espect\u00e1culos de menor escala.\t\t\t\t\t<\/div>\n\t\t\t\t\n\t\t\t\t\t\t\t\t\t<div class=\"elementor-cta__button-wrapper elementor-cta__content-item elementor-content-item\">\n\t\t\t\t\t<span class=\"elementor-cta__button elementor-button elementor-size-\">\n\t\t\t\t\t\tGU\u00cdA\t\t\t\t\t<\/span>\n\t\t\t\t\t<\/div>\n\t\t\t\t\t\t\t<\/div>\n\t\t\t\t\t\t<\/a>\n\t\t\t\t\t\t<\/div>\n\t\t\t\t<\/div>\n\t\t\t\t\t<\/div>\n\t\t\t\t<\/div>\n\t\t\t\t<\/div>","protected":false},"excerpt":{"rendered":"<p>Theatrical Minecraft Mod Guides Here you have &#8220;how to&#8221; guides on how to conect the mod to an external software for controling th lights in-game through Art-Net dot2 onPC Good and classic MALighting software. Warning !!! &#8211; Only supports 1 Art-Net Universe Output GUIDE Popular MagicQ onPC This is a more complex software than the [&hellip;]<\/p>","protected":false},"author":2,"featured_media":0,"parent":0,"menu_order":0,"comment_status":"closed","ping_status":"closed","template":"","meta":{"footnotes":""},"class_list":["post-952","page","type-page","status-publish","hentry"],"yoast_head":"<!-- This site is optimized with the Yoast SEO plugin v26.4 - https:\/\/yoast.com\/wordpress\/plugins\/seo\/ -->\n<title>Theatrical Mod Guides - NoctiCraft<\/title>\n<meta name=\"robots\" content=\"index, follow, max-snippet:-1, max-image-preview:large, max-video-preview:-1\" \/>\n<link rel=\"canonical\" href=\"https:\/\/nocticraft.com\/es\/theatrical-mod-guides\/\" \/>\n<meta property=\"og:locale\" content=\"es_ES\" \/>\n<meta property=\"og:type\" content=\"article\" \/>\n<meta property=\"og:title\" content=\"Theatrical Mod Guides - NoctiCraft\" \/>\n<meta property=\"og:description\" content=\"Theatrical Minecraft Mod Guides Here you have &#8220;how to&#8221; guides on how to conect the mod to an external software for controling th lights in-game through Art-Net dot2 onPC Good and classic MALighting software. Warning !!! &#8211; Only supports 1 Art-Net Universe Output GUIDE Popular MagicQ onPC This is a more complex software than the [&hellip;]\" \/>\n<meta property=\"og:url\" content=\"https:\/\/nocticraft.com\/es\/theatrical-mod-guides\/\" \/>\n<meta property=\"og:site_name\" content=\"NoctiCraft\" \/>\n<meta property=\"article:modified_time\" content=\"2025-05-05T01:01:36+00:00\" \/>\n<meta name=\"twitter:card\" content=\"summary_large_image\" \/>\n<meta name=\"twitter:label1\" content=\"Tiempo de lectura\" \/>\n\t<meta name=\"twitter:data1\" content=\"1 minuto\" \/>\n<script type=\"application\/ld+json\" class=\"yoast-schema-graph\">{\"@context\":\"https:\/\/schema.org\",\"@graph\":[{\"@type\":\"WebPage\",\"@id\":\"https:\/\/nocticraft.com\/theatrical-mod-guides\/\",\"url\":\"https:\/\/nocticraft.com\/theatrical-mod-guides\/\",\"name\":\"Theatrical Mod Guides - NoctiCraft\",\"isPartOf\":{\"@id\":\"https:\/\/nocticraft.com\/#website\"},\"datePublished\":\"2025-05-04T20:49:40+00:00\",\"dateModified\":\"2025-05-05T01:01:36+00:00\",\"breadcrumb\":{\"@id\":\"https:\/\/nocticraft.com\/theatrical-mod-guides\/#breadcrumb\"},\"inLanguage\":\"es\",\"potentialAction\":[{\"@type\":\"ReadAction\",\"target\":[\"https:\/\/nocticraft.com\/theatrical-mod-guides\/\"]}]},{\"@type\":\"BreadcrumbList\",\"@id\":\"https:\/\/nocticraft.com\/theatrical-mod-guides\/#breadcrumb\",\"itemListElement\":[{\"@type\":\"ListItem\",\"position\":1,\"name\":\"Home\",\"item\":\"https:\/\/nocticraft.com\/\"},{\"@type\":\"ListItem\",\"position\":2,\"name\":\"Theatrical Mod Guides\"}]},{\"@type\":\"WebSite\",\"@id\":\"https:\/\/nocticraft.com\/#website\",\"url\":\"https:\/\/nocticraft.com\/\",\"name\":\"NoctiCraft\",\"description\":\"Minecraft Party Server\",\"publisher\":{\"@id\":\"https:\/\/nocticraft.com\/#organization\"},\"potentialAction\":[{\"@type\":\"SearchAction\",\"target\":{\"@type\":\"EntryPoint\",\"urlTemplate\":\"https:\/\/nocticraft.com\/?s={search_term_string}\"},\"query-input\":{\"@type\":\"PropertyValueSpecification\",\"valueRequired\":true,\"valueName\":\"search_term_string\"}}],\"inLanguage\":\"es\"},{\"@type\":\"Organization\",\"@id\":\"https:\/\/nocticraft.com\/#organization\",\"name\":\"NoctiCraft\",\"url\":\"https:\/\/nocticraft.com\/\",\"logo\":{\"@type\":\"ImageObject\",\"inLanguage\":\"es\",\"@id\":\"https:\/\/nocticraft.com\/#\/schema\/logo\/image\/\",\"url\":\"https:\/\/i0.wp.com\/nocticraft.com\/wp-content\/uploads\/2025\/04\/NOCTICRAFT-transp.png?fit=1024%2C1024&ssl=1\",\"contentUrl\":\"https:\/\/i0.wp.com\/nocticraft.com\/wp-content\/uploads\/2025\/04\/NOCTICRAFT-transp.png?fit=1024%2C1024&ssl=1\",\"width\":1024,\"height\":1024,\"caption\":\"NoctiCraft\"},\"image\":{\"@id\":\"https:\/\/nocticraft.com\/#\/schema\/logo\/image\/\"},\"sameAs\":[\"https:\/\/www.youtube.com\/@NoctiCraftMCServer\",\"https:\/\/www.tiktok.com\/@nocticraft\",\"https:\/\/discord.gg\/cwwfGare6M\"]}]}<\/script>\n<!-- \/ Yoast SEO plugin. -->","yoast_head_json":{"title":"Theatrical Mod Guides - NoctiCraft","robots":{"index":"index","follow":"follow","max-snippet":"max-snippet:-1","max-image-preview":"max-image-preview:large","max-video-preview":"max-video-preview:-1"},"canonical":"https:\/\/nocticraft.com\/es\/theatrical-mod-guides\/","og_locale":"es_ES","og_type":"article","og_title":"Theatrical Mod Guides - NoctiCraft","og_description":"Theatrical Minecraft Mod Guides Here you have &#8220;how to&#8221; guides on how to conect the mod to an external software for controling th lights in-game through Art-Net dot2 onPC Good and classic MALighting software. Warning !!! &#8211; Only supports 1 Art-Net Universe Output GUIDE Popular MagicQ onPC This is a more complex software than the [&hellip;]","og_url":"https:\/\/nocticraft.com\/es\/theatrical-mod-guides\/","og_site_name":"NoctiCraft","article_modified_time":"2025-05-05T01:01:36+00:00","twitter_card":"summary_large_image","twitter_misc":{"Tiempo de lectura":"1 minuto"},"schema":{"@context":"https:\/\/schema.org","@graph":[{"@type":"WebPage","@id":"https:\/\/nocticraft.com\/theatrical-mod-guides\/","url":"https:\/\/nocticraft.com\/theatrical-mod-guides\/","name":"Theatrical Mod Guides - NoctiCraft","isPartOf":{"@id":"https:\/\/nocticraft.com\/#website"},"datePublished":"2025-05-04T20:49:40+00:00","dateModified":"2025-05-05T01:01:36+00:00","breadcrumb":{"@id":"https:\/\/nocticraft.com\/theatrical-mod-guides\/#breadcrumb"},"inLanguage":"es","potentialAction":[{"@type":"ReadAction","target":["https:\/\/nocticraft.com\/theatrical-mod-guides\/"]}]},{"@type":"BreadcrumbList","@id":"https:\/\/nocticraft.com\/theatrical-mod-guides\/#breadcrumb","itemListElement":[{"@type":"ListItem","position":1,"name":"Home","item":"https:\/\/nocticraft.com\/"},{"@type":"ListItem","position":2,"name":"Theatrical Mod Guides"}]},{"@type":"WebSite","@id":"https:\/\/nocticraft.com\/#website","url":"https:\/\/nocticraft.com\/","name":"NoctiCraft","description":"Minecraft Party Server","publisher":{"@id":"https:\/\/nocticraft.com\/#organization"},"potentialAction":[{"@type":"SearchAction","target":{"@type":"EntryPoint","urlTemplate":"https:\/\/nocticraft.com\/?s={search_term_string}"},"query-input":{"@type":"PropertyValueSpecification","valueRequired":true,"valueName":"search_term_string"}}],"inLanguage":"es"},{"@type":"Organization","@id":"https:\/\/nocticraft.com\/#organization","name":"NoctiCraft","url":"https:\/\/nocticraft.com\/","logo":{"@type":"ImageObject","inLanguage":"es","@id":"https:\/\/nocticraft.com\/#\/schema\/logo\/image\/","url":"https:\/\/i0.wp.com\/nocticraft.com\/wp-content\/uploads\/2025\/04\/NOCTICRAFT-transp.png?fit=1024%2C1024&ssl=1","contentUrl":"https:\/\/i0.wp.com\/nocticraft.com\/wp-content\/uploads\/2025\/04\/NOCTICRAFT-transp.png?fit=1024%2C1024&ssl=1","width":1024,"height":1024,"caption":"NoctiCraft"},"image":{"@id":"https:\/\/nocticraft.com\/#\/schema\/logo\/image\/"},"sameAs":["https:\/\/www.youtube.com\/@NoctiCraftMCServer","https:\/\/www.tiktok.com\/@nocticraft","https:\/\/discord.gg\/cwwfGare6M"]}]}},"jetpack_sharing_enabled":true,"_links":{"self":[{"href":"https:\/\/nocticraft.com\/es\/wp-json\/wp\/v2\/pages\/952","targetHints":{"allow":["GET"]}}],"collection":[{"href":"https:\/\/nocticraft.com\/es\/wp-json\/wp\/v2\/pages"}],"about":[{"href":"https:\/\/nocticraft.com\/es\/wp-json\/wp\/v2\/types\/page"}],"author":[{"embeddable":true,"href":"https:\/\/nocticraft.com\/es\/wp-json\/wp\/v2\/users\/2"}],"replies":[{"embeddable":true,"href":"https:\/\/nocticraft.com\/es\/wp-json\/wp\/v2\/comments?post=952"}],"version-history":[{"count":16,"href":"https:\/\/nocticraft.com\/es\/wp-json\/wp\/v2\/pages\/952\/revisions"}],"predecessor-version":[{"id":1125,"href":"https:\/\/nocticraft.com\/es\/wp-json\/wp\/v2\/pages\/952\/revisions\/1125"}],"wp:attachment":[{"href":"https:\/\/nocticraft.com\/es\/wp-json\/wp\/v2\/media?parent=952"}],"curies":[{"name":"wp","href":"https:\/\/api.w.org\/{rel}","templated":true}]}}